{"id":8730,"date":"2025-05-25T11:29:34","date_gmt":"2025-05-25T11:29:34","guid":{"rendered":"https:\/\/arcticroadtrips.com\/i-nostri-partner\/"},"modified":"2025-11-24T19:45:06","modified_gmt":"2025-11-24T19:45:06","slug":"i-nostri-partner","status":"publish","type":"page","link":"https:\/\/arcticroadtrips.com\/it\/i-nostri-partner\/","title":{"rendered":"I nostri partner"},"content":{"rendered":"<p>[et_pb_section fb_built=&#8221;1&#8243; custom_padding_last_edited=&#8221;on|tablet&#8221; admin_label=&#8221;Offer&#8221; _builder_version=&#8221;4.27.4&#8243; background_color=&#8221;rgba(0,0,0,0.47)&#8221; background_image=&#8221;https:\/\/arcticroadtrips.com\/wp-content\/uploads\/2025\/11\/Aurora-ArRT.jpg&#8221; background_blend=&#8221;color&#8221; width=&#8221;100%&#8221; custom_padding=&#8221;207px|0px|199px|||&#8221; custom_padding_tablet=&#8221;80px||80px|&#8221; custom_padding_phone=&#8221;80px||0px|||&#8221; hover_enabled=&#8221;0&#8243; global_colors_info=&#8221;{}&#8221; title_text=&#8221;Aurora ArRT&#8221; sticky_enabled=&#8221;0&#8243;][et_pb_row _builder_version=&#8221;4.16&#8243; custom_margin=&#8221;|||&#8221; custom_padding=&#8221;||55px|||&#8221; global_colors_info=&#8221;{}&#8221;][et_pb_column type=&#8221;4_4&#8243; _builder_version=&#8221;4.16&#8243; custom_padding=&#8221;|||&#8221; global_colors_info=&#8221;{}&#8221; custom_padding__hover=&#8221;|||&#8221;][et_pb_text admin_label=&#8221;CTA Section Title&#8221; _builder_version=&#8221;4.27.4&#8243; text_font=&#8221;||||&#8221; header_font=&#8221;Oswald|on||on|&#8221; header_text_align=&#8221;center&#8221; header_font_size=&#8221;60px&#8221; header_line_height=&#8221;1.3em&#8221; background_layout=&#8221;dark&#8221; module_alignment=&#8221;center&#8221; min_height=&#8221;99px&#8221; custom_margin=&#8221;|||&#8221; custom_padding=&#8221;|||&#8221; animation_style=&#8221;zoom&#8221; animation_delay=&#8221;100ms&#8221; animation_intensity_zoom=&#8221;20%&#8221; locked=&#8221;off&#8221; global_colors_info=&#8221;{}&#8221;]<\/p>\n<h1>I nostri partner<\/h1>\n<p>[\/et_pb_text][\/et_pb_column][\/et_pb_row][\/et_pb_section][et_pb_section fb_built=&#8221;1&#8243; admin_label=&#8221;Listings&#8221; _builder_version=&#8221;4.25.1&#8243; _module_preset=&#8221;default&#8221; locked=&#8221;off&#8221; collapsed=&#8221;on&#8221; global_colors_info=&#8221;{}&#8221;][et_pb_row _builder_version=&#8221;4.27.4&#8243; _module_preset=&#8221;default&#8221; custom_padding=&#8221;14px||8px|||&#8221; global_colors_info=&#8221;{}&#8221;][et_pb_column type=&#8221;4_4&#8243; _builder_version=&#8221;4.25.1&#8243; _module_preset=&#8221;default&#8221; global_colors_info=&#8221;{}&#8221;][et_pb_heading title=&#8221;Perch\u00e9 la vita \u00e8 sempre pi\u00f9 bella insieme&#8230; il nostro partner Snowride Lapland&#8221; _builder_version=&#8221;4.27.4&#8243; _module_preset=&#8221;c33f07d9-41e0-421a-8799-5799df695cce&#8221; title_level=&#8221;h2&#8243; title_font=&#8221;&#8211;et_global_heading_font|Quattrocento_weight|||||||&#8221; title_text_align=&#8221;center&#8221; title_text_color=&#8221;#0e0c19&#8243; title_font_size=&#8221;38px&#8221; title_line_height=&#8221;1.2em&#8221; custom_margin=&#8221;||10px||false|false&#8221; hover_enabled=&#8221;0&#8243; title_font_size_tablet=&#8221;28px&#8221; title_font_size_phone=&#8221;30px&#8221; title_font_size_last_edited=&#8221;on|phone&#8221; locked=&#8221;off&#8221; global_colors_info=&#8221;{}&#8221; sticky_enabled=&#8221;0&#8243;][\/et_pb_heading][et_pb_icon font_icon=&#8221;\ue089||divi||400&#8243; icon_color=&#8221;#88C4DD&#8221; _builder_version=&#8221;4.27.4&#8243; _module_preset=&#8221;default&#8221; global_colors_info=&#8221;{}&#8221;][\/et_pb_icon][et_pb_heading title=&#8221;Perch\u00e9 facciamo quello che facciamo&#8221; _builder_version=&#8221;4.27.4&#8243; _module_preset=&#8221;default&#8221; title_level=&#8221;h2&#8243; title_text_align=&#8221;center&#8221; title_font_size=&#8221;33px&#8221; global_colors_info=&#8221;{}&#8221;][\/et_pb_heading][et_pb_text _builder_version=&#8221;4.27.4&#8243; _module_preset=&#8221;default&#8221; global_colors_info=&#8221;{}&#8221;]<\/p>\n<p><span>Il cuore di Arctic Road Trips sono Luisa e Lorenzo. Noi personalmente teniamo molto all&#8217;esperienza che offriamo e abbiamo dei valori chiari. Vogliamo fare il meglio per te, vogliamo che tu ti diverta, che tu riceva un ottimo servizio e che questo posto rimanga nel tuo cuore. Per questo motivo sosteniamo solo aziende e progetti in linea con questi valori. Siamo stati davvero fortunati a incontrare queste persone che hanno i nostri stessi obiettivi e cerchiamo di fare cose belle. Spero che ti piaccia continuare a leggere!     <\/span><\/p>\n<p>[\/et_pb_text][\/et_pb_column][\/et_pb_row][et_pb_row _builder_version=&#8221;4.27.4&#8243; _module_preset=&#8221;default&#8221; global_colors_info=&#8221;{}&#8221;][et_pb_column type=&#8221;4_4&#8243; _builder_version=&#8221;4.27.4&#8243; _module_preset=&#8221;default&#8221; global_colors_info=&#8221;{}&#8221;][et_pb_divider _builder_version=&#8221;4.27.4&#8243; _module_preset=&#8221;default&#8221; global_colors_info=&#8221;{}&#8221;][\/et_pb_divider][\/et_pb_column][\/et_pb_row][et_pb_row _builder_version=&#8221;4.27.4&#8243; _module_preset=&#8221;default&#8221; global_colors_info=&#8221;{}&#8221;][et_pb_column type=&#8221;4_4&#8243; _builder_version=&#8221;4.27.4&#8243; _module_preset=&#8221;default&#8221; global_colors_info=&#8221;{}&#8221;][et_pb_blurb title=&#8221;Snowride Lapland&#8221; image=&#8221;https:\/\/arcticroadtrips.com\/wp-content\/uploads\/2025\/05\/Snowride-Lapland-Arctic-RoadTrips-Aurora.avif&#8221; alt=&#8221;Snowride Lapland, Viaggio nell&#8217;Artico Aurora&#8221; _builder_version=&#8221;4.27.4&#8243; _module_preset=&#8221;default&#8221; header_level=&#8221;h3&#8243; header_font_size=&#8221;24px&#8221; body_line_height=&#8221;1.6em&#8221; animation=&#8221;off&#8221; global_colors_info=&#8221;{}&#8221;]<\/p>\n<p><span>Snowride Lapland \u00e8 una piccola azienda fondata da un nostro amico di grande talento. \u00c8 appassionato di motoslitte da oltre 7 anni e finalmente ha deciso di aprire la sua azienda. Offre tour in motoslitta di alta qualit\u00e0 a Rovaniemi. Si avvale di guide super esperte e prende solo piccoli gruppi. Se sei interessato consulta il suo sito web e contattalo qui sotto.    <\/span><\/p>\n<p>[\/et_pb_blurb][et_pb_button button_url=&#8221;https:\/\/www.snowride-lapland.com\/&#8221; button_text=&#8221;Click Here&#8221; button_alignment=&#8221;center&#8221; _builder_version=&#8221;4.27.4&#8243; _module_preset=&#8221;default&#8221; global_colors_info=&#8221;{}&#8221;][\/et_pb_button][\/et_pb_column][\/et_pb_row][\/et_pb_section]<\/p>\n","protected":false},"excerpt":{"rendered":"<p>I nostri partnerIl cuore di Arctic Road Trips sono Luisa e Lorenzo. Noi personalmente teniamo molto all&#8217;esperienza che offriamo e abbiamo dei valori chiari. Vogliamo fare il meglio per te, vogliamo che tu ti diverta, che tu riceva un ottimo servizio e che questo posto rimanga nel tuo cuore. Per questo motivo sosteniamo solo aziende [&hellip;]<\/p>\n","protected":false},"author":2,"featured_media":8394,"parent":0,"menu_order":0,"comment_status":"closed","ping_status":"closed","template":"","meta":{"_et_pb_use_builder":"on","_et_pb_old_content":"","_et_gb_content_width":"","footnotes":""},"class_list":["post-8730","page","type-page","status-publish","has-post-thumbnail","hentry"],"yoast_head":"<!-- This site is optimized with the Yoast SEO plugin v27.4 - https:\/\/yoast.com\/product\/yoast-seo-wordpress\/ -->\n<title>I nostri partner - Arctic Road Trips<\/title>\n<meta name=\"description\" content=\"Scopri i partner di fiducia di Arctic Road Trips. Noi personalmente teniamo molto alla tua esperienza, per questo abbiamo solo due partner di fiducia.\" \/>\n<meta name=\"robots\" content=\"index, follow, max-snippet:-1, max-image-preview:large, max-video-preview:-1\" \/>\n<link rel=\"canonical\" href=\"https:\/\/arcticroadtrips.com\/it\/i-nostri-partner\/\" \/>\n<meta property=\"og:locale\" content=\"it_IT\" \/>\n<meta property=\"og:type\" content=\"article\" \/>\n<meta property=\"og:title\" content=\"I nostri partner - Arctic Road Trips\" \/>\n<meta property=\"og:description\" content=\"Scopri i partner di fiducia di Arctic Road Trips. Noi personalmente teniamo molto alla tua esperienza, per questo abbiamo solo due partner di fiducia.\" \/>\n<meta property=\"og:url\" content=\"https:\/\/arcticroadtrips.com\/it\/i-nostri-partner\/\" \/>\n<meta property=\"og:site_name\" content=\"Arctic Road Trips\" \/>\n<meta property=\"article:modified_time\" content=\"2025-11-24T19:45:06+00:00\" \/>\n<meta property=\"og:image\" content=\"https:\/\/arcticroadtrips.com\/wp-content\/uploads\/2025\/08\/20250827-DSC08908.jpg\" \/>\n\t<meta property=\"og:image:width\" content=\"1500\" \/>\n\t<meta property=\"og:image:height\" content=\"628\" \/>\n\t<meta property=\"og:image:type\" content=\"image\/jpeg\" \/>\n<meta name=\"twitter:card\" content=\"summary_large_image\" \/>\n<meta name=\"twitter:label1\" content=\"Tempo di lettura stimato\" \/>\n\t<meta name=\"twitter:data1\" content=\"3 minuti\" \/>\n<script type=\"application\/ld+json\" class=\"yoast-schema-graph\">{\"@context\":\"https:\\\/\\\/schema.org\",\"@graph\":[{\"@type\":\"WebPage\",\"@id\":\"https:\\\/\\\/arcticroadtrips.com\\\/it\\\/i-nostri-partner\\\/\",\"url\":\"https:\\\/\\\/arcticroadtrips.com\\\/it\\\/i-nostri-partner\\\/\",\"name\":\"I nostri partner - Arctic Road Trips\",\"isPartOf\":{\"@id\":\"https:\\\/\\\/arcticroadtrips.com\\\/it\\\/#website\"},\"primaryImageOfPage\":{\"@id\":\"https:\\\/\\\/arcticroadtrips.com\\\/it\\\/i-nostri-partner\\\/#primaryimage\"},\"image\":{\"@id\":\"https:\\\/\\\/arcticroadtrips.com\\\/it\\\/i-nostri-partner\\\/#primaryimage\"},\"thumbnailUrl\":\"https:\\\/\\\/arcticroadtrips.com\\\/wp-content\\\/uploads\\\/2025\\\/08\\\/20250827-DSC08908.jpg\",\"datePublished\":\"2025-05-25T11:29:34+00:00\",\"dateModified\":\"2025-11-24T19:45:06+00:00\",\"description\":\"Scopri i partner di fiducia di Arctic Road Trips. Noi personalmente teniamo molto alla tua esperienza, per questo abbiamo solo due partner di fiducia.\",\"breadcrumb\":{\"@id\":\"https:\\\/\\\/arcticroadtrips.com\\\/it\\\/i-nostri-partner\\\/#breadcrumb\"},\"inLanguage\":\"it-IT\",\"potentialAction\":[{\"@type\":\"ReadAction\",\"target\":[\"https:\\\/\\\/arcticroadtrips.com\\\/it\\\/i-nostri-partner\\\/\"]}]},{\"@type\":\"ImageObject\",\"inLanguage\":\"it-IT\",\"@id\":\"https:\\\/\\\/arcticroadtrips.com\\\/it\\\/i-nostri-partner\\\/#primaryimage\",\"url\":\"https:\\\/\\\/arcticroadtrips.com\\\/wp-content\\\/uploads\\\/2025\\\/08\\\/20250827-DSC08908.jpg\",\"contentUrl\":\"https:\\\/\\\/arcticroadtrips.com\\\/wp-content\\\/uploads\\\/2025\\\/08\\\/20250827-DSC08908.jpg\",\"width\":1500,\"height\":628},{\"@type\":\"BreadcrumbList\",\"@id\":\"https:\\\/\\\/arcticroadtrips.com\\\/it\\\/i-nostri-partner\\\/#breadcrumb\",\"itemListElement\":[{\"@type\":\"ListItem\",\"position\":1,\"name\":\"Home\",\"item\":\"https:\\\/\\\/arcticroadtrips.com\\\/it\\\/\"},{\"@type\":\"ListItem\",\"position\":2,\"name\":\"I nostri partner\"}]},{\"@type\":\"WebSite\",\"@id\":\"https:\\\/\\\/arcticroadtrips.com\\\/it\\\/#website\",\"url\":\"https:\\\/\\\/arcticroadtrips.com\\\/it\\\/\",\"name\":\"Arctic Road Trips\",\"description\":\"Aurora Trips in Lapland\",\"potentialAction\":[{\"@type\":\"SearchAction\",\"target\":{\"@type\":\"EntryPoint\",\"urlTemplate\":\"https:\\\/\\\/arcticroadtrips.com\\\/it\\\/?s={search_term_string}\"},\"query-input\":{\"@type\":\"PropertyValueSpecification\",\"valueRequired\":true,\"valueName\":\"search_term_string\"}}],\"inLanguage\":\"it-IT\"}]}<\/script>\n<!-- \/ Yoast SEO plugin. -->","yoast_head_json":{"title":"I nostri partner - Arctic Road Trips","description":"Scopri i partner di fiducia di Arctic Road Trips. Noi personalmente teniamo molto alla tua esperienza, per questo abbiamo solo due partner di fiducia.","robots":{"index":"index","follow":"follow","max-snippet":"max-snippet:-1","max-image-preview":"max-image-preview:large","max-video-preview":"max-video-preview:-1"},"canonical":"https:\/\/arcticroadtrips.com\/it\/i-nostri-partner\/","og_locale":"it_IT","og_type":"article","og_title":"I nostri partner - Arctic Road Trips","og_description":"Scopri i partner di fiducia di Arctic Road Trips. Noi personalmente teniamo molto alla tua esperienza, per questo abbiamo solo due partner di fiducia.","og_url":"https:\/\/arcticroadtrips.com\/it\/i-nostri-partner\/","og_site_name":"Arctic Road Trips","article_modified_time":"2025-11-24T19:45:06+00:00","og_image":[{"width":1500,"height":628,"url":"https:\/\/arcticroadtrips.com\/wp-content\/uploads\/2025\/08\/20250827-DSC08908.jpg","type":"image\/jpeg"}],"twitter_card":"summary_large_image","twitter_misc":{"Tempo di lettura stimato":"3 minuti"},"schema":{"@context":"https:\/\/schema.org","@graph":[{"@type":"WebPage","@id":"https:\/\/arcticroadtrips.com\/it\/i-nostri-partner\/","url":"https:\/\/arcticroadtrips.com\/it\/i-nostri-partner\/","name":"I nostri partner - Arctic Road Trips","isPartOf":{"@id":"https:\/\/arcticroadtrips.com\/it\/#website"},"primaryImageOfPage":{"@id":"https:\/\/arcticroadtrips.com\/it\/i-nostri-partner\/#primaryimage"},"image":{"@id":"https:\/\/arcticroadtrips.com\/it\/i-nostri-partner\/#primaryimage"},"thumbnailUrl":"https:\/\/arcticroadtrips.com\/wp-content\/uploads\/2025\/08\/20250827-DSC08908.jpg","datePublished":"2025-05-25T11:29:34+00:00","dateModified":"2025-11-24T19:45:06+00:00","description":"Scopri i partner di fiducia di Arctic Road Trips. Noi personalmente teniamo molto alla tua esperienza, per questo abbiamo solo due partner di fiducia.","breadcrumb":{"@id":"https:\/\/arcticroadtrips.com\/it\/i-nostri-partner\/#breadcrumb"},"inLanguage":"it-IT","potentialAction":[{"@type":"ReadAction","target":["https:\/\/arcticroadtrips.com\/it\/i-nostri-partner\/"]}]},{"@type":"ImageObject","inLanguage":"it-IT","@id":"https:\/\/arcticroadtrips.com\/it\/i-nostri-partner\/#primaryimage","url":"https:\/\/arcticroadtrips.com\/wp-content\/uploads\/2025\/08\/20250827-DSC08908.jpg","contentUrl":"https:\/\/arcticroadtrips.com\/wp-content\/uploads\/2025\/08\/20250827-DSC08908.jpg","width":1500,"height":628},{"@type":"BreadcrumbList","@id":"https:\/\/arcticroadtrips.com\/it\/i-nostri-partner\/#breadcrumb","itemListElement":[{"@type":"ListItem","position":1,"name":"Home","item":"https:\/\/arcticroadtrips.com\/it\/"},{"@type":"ListItem","position":2,"name":"I nostri partner"}]},{"@type":"WebSite","@id":"https:\/\/arcticroadtrips.com\/it\/#website","url":"https:\/\/arcticroadtrips.com\/it\/","name":"Arctic Road Trips","description":"Aurora Trips in Lapland","potentialAction":[{"@type":"SearchAction","target":{"@type":"EntryPoint","urlTemplate":"https:\/\/arcticroadtrips.com\/it\/?s={search_term_string}"},"query-input":{"@type":"PropertyValueSpecification","valueRequired":true,"valueName":"search_term_string"}}],"inLanguage":"it-IT"}]}},"_links":{"self":[{"href":"https:\/\/arcticroadtrips.com\/it\/wp-json\/wp\/v2\/pages\/8730","targetHints":{"allow":["GET"]}}],"collection":[{"href":"https:\/\/arcticroadtrips.com\/it\/wp-json\/wp\/v2\/pages"}],"about":[{"href":"https:\/\/arcticroadtrips.com\/it\/wp-json\/wp\/v2\/types\/page"}],"author":[{"embeddable":true,"href":"https:\/\/arcticroadtrips.com\/it\/wp-json\/wp\/v2\/users\/2"}],"replies":[{"embeddable":true,"href":"https:\/\/arcticroadtrips.com\/it\/wp-json\/wp\/v2\/comments?post=8730"}],"version-history":[{"count":2,"href":"https:\/\/arcticroadtrips.com\/it\/wp-json\/wp\/v2\/pages\/8730\/revisions"}],"predecessor-version":[{"id":340766,"href":"https:\/\/arcticroadtrips.com\/it\/wp-json\/wp\/v2\/pages\/8730\/revisions\/340766"}],"wp:featuredmedia":[{"embeddable":true,"href":"https:\/\/arcticroadtrips.com\/it\/wp-json\/wp\/v2\/media\/8394"}],"wp:attachment":[{"href":"https:\/\/arcticroadtrips.com\/it\/wp-json\/wp\/v2\/media?parent=8730"}],"curies":[{"name":"wp","href":"https:\/\/api.w.org\/{rel}","templated":true}]}}