{"id":8727,"date":"2024-08-25T11:53:37","date_gmt":"2024-08-25T11:53:37","guid":{"rendered":"https:\/\/arcticroadtrips.com\/domande-frequenti\/aurora-webcams\/"},"modified":"2025-09-20T18:59:30","modified_gmt":"2025-09-20T18:59:30","slug":"aurora-webcams","status":"publish","type":"page","link":"https:\/\/arcticroadtrips.com\/it\/domande-frequenti\/aurora-webcams\/","title":{"rendered":"Aurora Webcams"},"content":{"rendered":"<p>[et_pb_section fb_built=&#8221;1&#8243; custom_padding_last_edited=&#8221;on|tablet&#8221; admin_label=&#8221;Offer&#8221; _builder_version=&#8221;4.27.4&#8243; background_color=&#8221;rgba(0,0,0,0.47)&#8221; background_image=&#8221;https:\/\/arcticroadtrips.com\/wp-content\/uploads\/2025\/08\/WhatsApp-Image-2025-08-11-at-22.03.11.jpeg&#8221; background_position=&#8221;bottom_center&#8221; background_vertical_offset=&#8221;20%&#8221; background_blend=&#8221;color&#8221; custom_padding=&#8221;207px||199px|||&#8221; custom_padding_tablet=&#8221;80px||80px|&#8221; custom_padding_phone=&#8221;80px||0px|||&#8221; global_colors_info=&#8221;{}&#8221;][et_pb_row _builder_version=&#8221;4.16&#8243; custom_margin=&#8221;|||&#8221; custom_padding=&#8221;||55px|||&#8221; global_colors_info=&#8221;{}&#8221;][et_pb_column type=&#8221;4_4&#8243; _builder_version=&#8221;4.16&#8243; custom_padding=&#8221;|||&#8221; global_colors_info=&#8221;{}&#8221; custom_padding__hover=&#8221;|||&#8221;][et_pb_text admin_label=&#8221;CTA Section Title&#8221; _builder_version=&#8221;4.27.4&#8243; text_font=&#8221;||||&#8221; header_font=&#8221;Oswald|on||on|&#8221; header_text_align=&#8221;center&#8221; header_font_size=&#8221;60px&#8221; header_line_height=&#8221;1.3em&#8221; background_layout=&#8221;dark&#8221; module_alignment=&#8221;center&#8221; min_height=&#8221;99px&#8221; custom_margin=&#8221;|||&#8221; custom_padding=&#8221;|||&#8221; animation_style=&#8221;zoom&#8221; animation_delay=&#8221;100ms&#8221; animation_intensity_zoom=&#8221;20%&#8221; locked=&#8221;off&#8221; global_colors_info=&#8221;{}&#8221;]<\/p>\n<h1>Aurora Webcams<\/h1>\n<p>[\/et_pb_text][\/et_pb_column][\/et_pb_row][\/et_pb_section][et_pb_section fb_built=&#8221;1&#8243; _builder_version=&#8221;4.27.4&#8243; _module_preset=&#8221;default&#8221; custom_padding=&#8221;||6px|||&#8221; global_colors_info=&#8221;{}&#8221;][et_pb_row _builder_version=&#8221;4.27.4&#8243; _module_preset=&#8221;default&#8221; global_colors_info=&#8221;{}&#8221;][et_pb_column type=&#8221;4_4&#8243; _builder_version=&#8221;4.27.4&#8243; _module_preset=&#8221;default&#8221; global_colors_info=&#8221;{}&#8221;][et_pb_heading title=&#8221;Un&#8217;applicazione gratuita all-in-one per i cacciatori di aurora  &#8221; _builder_version=&#8221;4.27.4&#8243; _module_preset=&#8221;default&#8221; title_level=&#8221;h2&#8243; title_text_align=&#8221;center&#8221; title_font_size=&#8221;34px&#8221; global_colors_info=&#8221;{}&#8221;][\/et_pb_heading][et_pb_text _builder_version=&#8221;4.27.4&#8243; _module_preset=&#8221;default&#8221; global_colors_info=&#8221;{}&#8221;]<\/p>\n<p style=\"text-align: center;\">creato da Arctic Road Trips &amp; Mauro Privitera<\/p>\n<p>[\/et_pb_text][et_pb_heading title=&#8221;Perch\u00e9 abbiamo creato Aurorawebcams.com?&#8221; _builder_version=&#8221;4.27.4&#8243; _module_preset=&#8221;default&#8221; title_level=&#8221;h2&#8243; title_text_align=&#8221;center&#8221; global_colors_info=&#8221;{}&#8221;][\/et_pb_heading][et_pb_text _builder_version=&#8221;4.27.4&#8243; _module_preset=&#8221;default&#8221; global_colors_info=&#8221;{}&#8221;]<\/p>\n<p>Il nostro problema \u00e8 sempre stato che tutte le fantastiche webcam Aurora sono sparse in molti siti web diversi. Ci\u00f2 significa che \u00e8 dispendioso in termini di tempo, lento e poco pratico. Cos\u00ec Lorenzo ha avuto l&#8217;idea di creare un sito web unico in cui tutti possano vedere tutte le migliori webcam Aurora del mondo in un&#8217;unica pagina! E grazie alle fantastiche idee e allo sviluppo web di Mauro Privitera abbiamo ottenuto <strong><a href=\"https:\/\/aurorawebcams.com\/\" target=\"_blank\" rel=\"noopener\">www.aurorawebcams.com<\/a><\/strong> online. Dai un&#8217;occhiata!    <\/p>\n<p>[\/et_pb_text][et_pb_heading title=&#8221;Cosa vedrai (tutto completamente gratuito):&#8221; _builder_version=&#8221;4.27.4&#8243; _module_preset=&#8221;default&#8221; title_level=&#8221;h2&#8243; title_text_align=&#8221;center&#8221; global_colors_info=&#8221;{}&#8221;][\/et_pb_heading][et_pb_text _builder_version=&#8221;4.27.4&#8243; _module_preset=&#8221;default&#8221; text_orientation=&#8221;center&#8221; global_colors_info=&#8221;{}&#8221;]<\/p>\n<ul>\n<li style=\"text-align: left;\">Dati e grafici in tempo reale per monitorare l&#8217;attivit\u00e0 aurorale<\/li>\n<li style=\"text-align: left;\">Live Webcam in tutto il mondo per monitorare ogni tempesta, indipendentemente dalla sua forza.<\/li>\n<li style=\"text-align: left;\">Mappa interattiva di tutte le webcam disponibili<\/li>\n<li style=\"text-align: left;\">Nessuna pubblicit\u00e0<\/li>\n<\/ul>\n<p>[\/et_pb_text][et_pb_image src=&#8221;https:\/\/arcticroadtrips.com\/wp-content\/uploads\/2024\/08\/Aurora-webcams-map-by-Arctic-Road-Trips-and-Mauro-1-jpg.avif&#8221; alt=&#8221;Webcam dell&#8217;aurora a cura di Arctic Road Trips e Mauro&#8221; title_text=&#8221;Aurora Webcams by Arctic Road Trips and Mauro&#8221; _builder_version=&#8221;4.27.4&#8243; _module_preset=&#8221;default&#8221; width=&#8221;72%&#8221; module_alignment=&#8221;center&#8221; global_colors_info=&#8221;{}&#8221;][\/et_pb_image][\/et_pb_column][\/et_pb_row][et_pb_row _builder_version=&#8221;4.27.4&#8243; _module_preset=&#8221;default&#8221; global_colors_info=&#8221;{}&#8221;][et_pb_column type=&#8221;4_4&#8243; _builder_version=&#8221;4.27.4&#8243; _module_preset=&#8221;default&#8221; global_colors_info=&#8221;{}&#8221;][et_pb_button button_url=&#8221;https:\/\/aurorawebcams.com\/&#8221; url_new_window=&#8221;on&#8221; button_text=&#8221;Go to Aurorawebcams.com&#8221; button_alignment=&#8221;center&#8221; _builder_version=&#8221;4.27.4&#8243; _module_preset=&#8221;default&#8221; global_colors_info=&#8221;{}&#8221;][\/et_pb_button][\/et_pb_column][\/et_pb_row][\/et_pb_section][et_pb_section fb_built=&#8221;1&#8243; _builder_version=&#8221;4.27.4&#8243; _module_preset=&#8221;default&#8221; custom_padding=&#8221;27px|||||&#8221; global_colors_info=&#8221;{}&#8221;][\/et_pb_section]<\/p>\n","protected":false},"excerpt":{"rendered":"<p>Aurora Webcamscreato da Arctic Road Trips &amp; Mauro PriviteraIl nostro problema \u00e8 sempre stato che tutte le fantastiche webcam Aurora sono sparse in molti siti web diversi. Ci\u00f2 significa che \u00e8 dispendioso in termini di tempo, lento e poco pratico. Cos\u00ec Lorenzo ha avuto l&#8217;idea di creare un sito web unico in cui tutti possano [&hellip;]<\/p>\n","protected":false},"author":2,"featured_media":8301,"parent":8724,"menu_order":0,"comment_status":"closed","ping_status":"closed","template":"","meta":{"_et_pb_use_builder":"on","_et_pb_old_content":"","_et_gb_content_width":"","footnotes":""},"class_list":["post-8727","page","type-page","status-publish","has-post-thumbnail","hentry"],"yoast_head":"<!-- This site is optimized with the Yoast SEO plugin v27.4 - https:\/\/yoast.com\/product\/yoast-seo-wordpress\/ -->\n<title>Aurora Webcams - Arctic Road Trips<\/title>\n<meta name=\"description\" content=\"Webcam dell&#039;aurora: Un&#039;applicazione gratuita e completa per i cacciatori di Aurora creata da noi! Presenta webcam di Aurora in tempo reale in tutto il mondo.\" \/>\n<meta name=\"robots\" content=\"index, follow, max-snippet:-1, max-image-preview:large, max-video-preview:-1\" \/>\n<link rel=\"canonical\" href=\"https:\/\/arcticroadtrips.com\/it\/domande-frequenti\/aurora-webcams\/\" \/>\n<meta property=\"og:locale\" content=\"it_IT\" \/>\n<meta property=\"og:type\" content=\"article\" \/>\n<meta property=\"og:title\" content=\"Aurora Webcams - Arctic Road Trips\" \/>\n<meta property=\"og:description\" content=\"Webcam dell&#039;aurora: Un&#039;applicazione gratuita e completa per i cacciatori di Aurora creata da noi! Presenta webcam di Aurora in tempo reale in tutto il mondo.\" \/>\n<meta property=\"og:url\" content=\"https:\/\/arcticroadtrips.com\/it\/domande-frequenti\/aurora-webcams\/\" \/>\n<meta property=\"og:site_name\" content=\"Arctic Road Trips\" \/>\n<meta property=\"article:modified_time\" content=\"2025-09-20T18:59:30+00:00\" \/>\n<meta property=\"og:image\" content=\"https:\/\/arcticroadtrips.com\/wp-content\/uploads\/2025\/08\/WhatsApp-Image-2025-08-11-at-22.03.11.jpeg\" \/>\n\t<meta property=\"og:image:width\" content=\"1728\" \/>\n\t<meta property=\"og:image:height\" content=\"727\" \/>\n\t<meta property=\"og:image:type\" content=\"image\/jpeg\" \/>\n<meta name=\"twitter:card\" content=\"summary_large_image\" \/>\n<meta name=\"twitter:label1\" content=\"Tempo di lettura stimato\" \/>\n\t<meta name=\"twitter:data1\" content=\"3 minuti\" \/>\n<script type=\"application\/ld+json\" class=\"yoast-schema-graph\">{\"@context\":\"https:\\\/\\\/schema.org\",\"@graph\":[{\"@type\":\"WebPage\",\"@id\":\"https:\\\/\\\/arcticroadtrips.com\\\/it\\\/domande-frequenti\\\/aurora-webcams\\\/\",\"url\":\"https:\\\/\\\/arcticroadtrips.com\\\/it\\\/domande-frequenti\\\/aurora-webcams\\\/\",\"name\":\"Aurora Webcams - Arctic Road Trips\",\"isPartOf\":{\"@id\":\"https:\\\/\\\/arcticroadtrips.com\\\/it\\\/#website\"},\"primaryImageOfPage\":{\"@id\":\"https:\\\/\\\/arcticroadtrips.com\\\/it\\\/domande-frequenti\\\/aurora-webcams\\\/#primaryimage\"},\"image\":{\"@id\":\"https:\\\/\\\/arcticroadtrips.com\\\/it\\\/domande-frequenti\\\/aurora-webcams\\\/#primaryimage\"},\"thumbnailUrl\":\"https:\\\/\\\/arcticroadtrips.com\\\/wp-content\\\/uploads\\\/2025\\\/08\\\/WhatsApp-Image-2025-08-11-at-22.03.11.jpeg\",\"datePublished\":\"2024-08-25T11:53:37+00:00\",\"dateModified\":\"2025-09-20T18:59:30+00:00\",\"description\":\"Webcam dell'aurora: Un'applicazione gratuita e completa per i cacciatori di Aurora creata da noi! Presenta webcam di Aurora in tempo reale in tutto il mondo.\",\"breadcrumb\":{\"@id\":\"https:\\\/\\\/arcticroadtrips.com\\\/it\\\/domande-frequenti\\\/aurora-webcams\\\/#breadcrumb\"},\"inLanguage\":\"it-IT\",\"potentialAction\":[{\"@type\":\"ReadAction\",\"target\":[\"https:\\\/\\\/arcticroadtrips.com\\\/it\\\/domande-frequenti\\\/aurora-webcams\\\/\"]}]},{\"@type\":\"ImageObject\",\"inLanguage\":\"it-IT\",\"@id\":\"https:\\\/\\\/arcticroadtrips.com\\\/it\\\/domande-frequenti\\\/aurora-webcams\\\/#primaryimage\",\"url\":\"https:\\\/\\\/arcticroadtrips.com\\\/wp-content\\\/uploads\\\/2025\\\/08\\\/WhatsApp-Image-2025-08-11-at-22.03.11.jpeg\",\"contentUrl\":\"https:\\\/\\\/arcticroadtrips.com\\\/wp-content\\\/uploads\\\/2025\\\/08\\\/WhatsApp-Image-2025-08-11-at-22.03.11.jpeg\",\"width\":1728,\"height\":727},{\"@type\":\"BreadcrumbList\",\"@id\":\"https:\\\/\\\/arcticroadtrips.com\\\/it\\\/domande-frequenti\\\/aurora-webcams\\\/#breadcrumb\",\"itemListElement\":[{\"@type\":\"ListItem\",\"position\":1,\"name\":\"Home\",\"item\":\"https:\\\/\\\/arcticroadtrips.com\\\/it\\\/\"},{\"@type\":\"ListItem\",\"position\":2,\"name\":\"DOMANDE FREQUENTI\",\"item\":\"https:\\\/\\\/arcticroadtrips.com\\\/it\\\/domande-frequenti\\\/\"},{\"@type\":\"ListItem\",\"position\":3,\"name\":\"Aurora Webcams\"}]},{\"@type\":\"WebSite\",\"@id\":\"https:\\\/\\\/arcticroadtrips.com\\\/it\\\/#website\",\"url\":\"https:\\\/\\\/arcticroadtrips.com\\\/it\\\/\",\"name\":\"Arctic Road Trips\",\"description\":\"Aurora Trips in Lapland\",\"potentialAction\":[{\"@type\":\"SearchAction\",\"target\":{\"@type\":\"EntryPoint\",\"urlTemplate\":\"https:\\\/\\\/arcticroadtrips.com\\\/it\\\/?s={search_term_string}\"},\"query-input\":{\"@type\":\"PropertyValueSpecification\",\"valueRequired\":true,\"valueName\":\"search_term_string\"}}],\"inLanguage\":\"it-IT\"}]}<\/script>\n<!-- \/ Yoast SEO plugin. -->","yoast_head_json":{"title":"Aurora Webcams - Arctic Road Trips","description":"Webcam dell'aurora: Un'applicazione gratuita e completa per i cacciatori di Aurora creata da noi! Presenta webcam di Aurora in tempo reale in tutto il mondo.","robots":{"index":"index","follow":"follow","max-snippet":"max-snippet:-1","max-image-preview":"max-image-preview:large","max-video-preview":"max-video-preview:-1"},"canonical":"https:\/\/arcticroadtrips.com\/it\/domande-frequenti\/aurora-webcams\/","og_locale":"it_IT","og_type":"article","og_title":"Aurora Webcams - Arctic Road Trips","og_description":"Webcam dell'aurora: Un'applicazione gratuita e completa per i cacciatori di Aurora creata da noi! Presenta webcam di Aurora in tempo reale in tutto il mondo.","og_url":"https:\/\/arcticroadtrips.com\/it\/domande-frequenti\/aurora-webcams\/","og_site_name":"Arctic Road Trips","article_modified_time":"2025-09-20T18:59:30+00:00","og_image":[{"width":1728,"height":727,"url":"https:\/\/arcticroadtrips.com\/wp-content\/uploads\/2025\/08\/WhatsApp-Image-2025-08-11-at-22.03.11.jpeg","type":"image\/jpeg"}],"twitter_card":"summary_large_image","twitter_misc":{"Tempo di lettura stimato":"3 minuti"},"schema":{"@context":"https:\/\/schema.org","@graph":[{"@type":"WebPage","@id":"https:\/\/arcticroadtrips.com\/it\/domande-frequenti\/aurora-webcams\/","url":"https:\/\/arcticroadtrips.com\/it\/domande-frequenti\/aurora-webcams\/","name":"Aurora Webcams - Arctic Road Trips","isPartOf":{"@id":"https:\/\/arcticroadtrips.com\/it\/#website"},"primaryImageOfPage":{"@id":"https:\/\/arcticroadtrips.com\/it\/domande-frequenti\/aurora-webcams\/#primaryimage"},"image":{"@id":"https:\/\/arcticroadtrips.com\/it\/domande-frequenti\/aurora-webcams\/#primaryimage"},"thumbnailUrl":"https:\/\/arcticroadtrips.com\/wp-content\/uploads\/2025\/08\/WhatsApp-Image-2025-08-11-at-22.03.11.jpeg","datePublished":"2024-08-25T11:53:37+00:00","dateModified":"2025-09-20T18:59:30+00:00","description":"Webcam dell'aurora: Un'applicazione gratuita e completa per i cacciatori di Aurora creata da noi! Presenta webcam di Aurora in tempo reale in tutto il mondo.","breadcrumb":{"@id":"https:\/\/arcticroadtrips.com\/it\/domande-frequenti\/aurora-webcams\/#breadcrumb"},"inLanguage":"it-IT","potentialAction":[{"@type":"ReadAction","target":["https:\/\/arcticroadtrips.com\/it\/domande-frequenti\/aurora-webcams\/"]}]},{"@type":"ImageObject","inLanguage":"it-IT","@id":"https:\/\/arcticroadtrips.com\/it\/domande-frequenti\/aurora-webcams\/#primaryimage","url":"https:\/\/arcticroadtrips.com\/wp-content\/uploads\/2025\/08\/WhatsApp-Image-2025-08-11-at-22.03.11.jpeg","contentUrl":"https:\/\/arcticroadtrips.com\/wp-content\/uploads\/2025\/08\/WhatsApp-Image-2025-08-11-at-22.03.11.jpeg","width":1728,"height":727},{"@type":"BreadcrumbList","@id":"https:\/\/arcticroadtrips.com\/it\/domande-frequenti\/aurora-webcams\/#breadcrumb","itemListElement":[{"@type":"ListItem","position":1,"name":"Home","item":"https:\/\/arcticroadtrips.com\/it\/"},{"@type":"ListItem","position":2,"name":"DOMANDE FREQUENTI","item":"https:\/\/arcticroadtrips.com\/it\/domande-frequenti\/"},{"@type":"ListItem","position":3,"name":"Aurora Webcams"}]},{"@type":"WebSite","@id":"https:\/\/arcticroadtrips.com\/it\/#website","url":"https:\/\/arcticroadtrips.com\/it\/","name":"Arctic Road Trips","description":"Aurora Trips in Lapland","potentialAction":[{"@type":"SearchAction","target":{"@type":"EntryPoint","urlTemplate":"https:\/\/arcticroadtrips.com\/it\/?s={search_term_string}"},"query-input":{"@type":"PropertyValueSpecification","valueRequired":true,"valueName":"search_term_string"}}],"inLanguage":"it-IT"}]}},"_links":{"self":[{"href":"https:\/\/arcticroadtrips.com\/it\/wp-json\/wp\/v2\/pages\/8727","targetHints":{"allow":["GET"]}}],"collection":[{"href":"https:\/\/arcticroadtrips.com\/it\/wp-json\/wp\/v2\/pages"}],"about":[{"href":"https:\/\/arcticroadtrips.com\/it\/wp-json\/wp\/v2\/types\/page"}],"author":[{"embeddable":true,"href":"https:\/\/arcticroadtrips.com\/it\/wp-json\/wp\/v2\/users\/2"}],"replies":[{"embeddable":true,"href":"https:\/\/arcticroadtrips.com\/it\/wp-json\/wp\/v2\/comments?post=8727"}],"version-history":[{"count":1,"href":"https:\/\/arcticroadtrips.com\/it\/wp-json\/wp\/v2\/pages\/8727\/revisions"}],"predecessor-version":[{"id":340704,"href":"https:\/\/arcticroadtrips.com\/it\/wp-json\/wp\/v2\/pages\/8727\/revisions\/340704"}],"up":[{"embeddable":true,"href":"https:\/\/arcticroadtrips.com\/it\/wp-json\/wp\/v2\/pages\/8724"}],"wp:featuredmedia":[{"embeddable":true,"href":"https:\/\/arcticroadtrips.com\/it\/wp-json\/wp\/v2\/media\/8301"}],"wp:attachment":[{"href":"https:\/\/arcticroadtrips.com\/it\/wp-json\/wp\/v2\/media?parent=8727"}],"curies":[{"name":"wp","href":"https:\/\/api.w.org\/{rel}","templated":true}]}}