{"id":8717,"date":"2018-11-26T12:46:44","date_gmt":"2018-11-26T12:46:44","guid":{"rendered":"https:\/\/arcticroadtrips.com\/viaggi-a-caccia-di-aurora-boreale\/"},"modified":"2026-03-30T11:18:02","modified_gmt":"2026-03-30T11:18:02","slug":"viaggi-a-caccia-di-aurora-boreale","status":"publish","type":"page","link":"https:\/\/arcticroadtrips.com\/it\/viaggi-a-caccia-di-aurora-boreale\/","title":{"rendered":"viaggi a caccia di aurora boreale"},"content":{"rendered":"<p>[et_pb_section fb_built=&#8221;1&#8243; custom_padding_last_edited=&#8221;on|tablet&#8221; admin_label=&#8221;Offer&#8221; _builder_version=&#8221;4.27.4&#8243; background_color=&#8221;rgba(0,0,0,0.47)&#8221; background_image=&#8221;https:\/\/arcticroadtrips.com\/wp-content\/uploads\/2024\/07\/Aurora-Hunting-Tour-rovaniemi-Arctic-Road-trips-jpg.avif&#8221; background_position=&#8221;bottom_center&#8221; background_vertical_offset=&#8221;20%&#8221; background_blend=&#8221;color&#8221; custom_padding=&#8221;120px||120px|&#8221; custom_padding_tablet=&#8221;80px||80px|&#8221; custom_padding_phone=&#8221;80px||0px|||&#8221; global_colors_info=&#8221;{}&#8221;][et_pb_row _builder_version=&#8221;4.16&#8243; custom_margin=&#8221;|||&#8221; global_colors_info=&#8221;{}&#8221;][et_pb_column type=&#8221;4_4&#8243; _builder_version=&#8221;4.16&#8243; custom_padding=&#8221;|||&#8221; global_colors_info=&#8221;{}&#8221; custom_padding__hover=&#8221;|||&#8221;][et_pb_text admin_label=&#8221;CTA Section Title&#8221; _builder_version=&#8221;4.16&#8243; text_font=&#8221;||||&#8221; header_font=&#8221;Oswald|on||on|&#8221; header_text_align=&#8221;center&#8221; header_font_size=&#8221;60px&#8221; header_line_height=&#8221;1.3em&#8221; background_layout=&#8221;dark&#8221; module_alignment=&#8221;center&#8221; custom_margin=&#8221;|||&#8221; custom_padding=&#8221;|||&#8221; animation_style=&#8221;zoom&#8221; animation_delay=&#8221;100ms&#8221; animation_intensity_zoom=&#8221;20%&#8221; locked=&#8221;off&#8221; global_colors_info=&#8221;{}&#8221;]<\/p>\n<h1>i nostri tour dell&#8217;aurora<\/h1>\n<p>[\/et_pb_text][et_pb_divider color=&#8221;#ffffff&#8221; divider_position=&#8221;center&#8221; divider_weight=&#8221;3px&#8221; disabled_on=&#8221;off|off|off&#8221; _builder_version=&#8221;4.16&#8243; max_width=&#8221;150px&#8221; module_alignment=&#8221;center&#8221; height=&#8221;false&#8221; animation_style=&#8221;zoom&#8221; animation_delay=&#8221;200ms&#8221; animation_intensity_zoom=&#8221;20%&#8221; locked=&#8221;off&#8221; global_colors_info=&#8221;{}&#8221;][\/et_pb_divider][\/et_pb_column][\/et_pb_row][\/et_pb_section][et_pb_section fb_built=&#8221;1&#8243; _builder_version=&#8221;4.27.4&#8243; _module_preset=&#8221;default&#8221; global_colors_info=&#8221;{}&#8221;][et_pb_row _builder_version=&#8221;4.27.4&#8243; _module_preset=&#8221;default&#8221; global_colors_info=&#8221;{}&#8221;][et_pb_column type=&#8221;4_4&#8243; _builder_version=&#8221;4.27.4&#8243; _module_preset=&#8221;default&#8221; global_colors_info=&#8221;{}&#8221;][et_pb_heading title=&#8221;Aurora Road Trips VS. Tour di Aurora di una notte&#8221; _builder_version=&#8221;4.27.4&#8243; _module_preset=&#8221;default&#8221; title_text_align=&#8221;center&#8221; title_font_size=&#8221;34px&#8221; global_colors_info=&#8221;{}&#8221;][\/et_pb_heading][et_pb_text _builder_version=&#8221;4.27.4&#8243; _module_preset=&#8221;default&#8221; text_orientation=&#8221;center&#8221; global_colors_info=&#8221;{}&#8221;]<\/p>\n<p>Organizziamo diversi viaggi dell&#8217;aurora dalla fine di agosto all&#8217;inizio di aprile, quando i cieli bui della Lapponia permettono di vedere l&#8217;aurora boreale.<br \/>Tutti i nostri tour dell&#8217;aurora sono mirati e progettati per darti le migliori possibilit\u00e0 di successo. Ci\u00f2 significa che adattiamo ogni viaggio alle condizioni naturali, in particolare a quelle meteorologiche. Negli ultimi 5 anni siamo stati a caccia di aurore quasi tutte le notti della stagione, quindi abbiamo accumulato una grande esperienza da condividere con te.  <\/p>\n<p>[\/et_pb_text][\/et_pb_column][\/et_pb_row][et_pb_row column_structure=&#8221;1_2,1_2&#8243; _builder_version=&#8221;4.27.4&#8243; _module_preset=&#8221;default&#8221; global_colors_info=&#8221;{}&#8221;][et_pb_column type=&#8221;1_2&#8243; _builder_version=&#8221;4.27.4&#8243; _module_preset=&#8221;default&#8221; global_colors_info=&#8221;{}&#8221;][et_pb_heading title=&#8221;Aurora road trips&#8221; _builder_version=&#8221;4.27.4&#8243; _module_preset=&#8221;default&#8221; title_level=&#8221;h2&#8243; title_text_align=&#8221;center&#8221; global_colors_info=&#8221;{}&#8221;][\/et_pb_heading][et_pb_text _builder_version=&#8221;4.27.6&#8243; _module_preset=&#8221;default&#8221; header_text_align=&#8221;left&#8221; hover_enabled=&#8221;0&#8243; global_colors_info=&#8221;{}&#8221; sticky_enabled=&#8221;0&#8243;]<\/p>\n<p><span>In questo Aurora Road Trip, decideremo le nostre destinazioni in base a dove ci sono le migliori possibilit\u00e0 di vedere l&#8217;aurora boreale. Possiamo finire ovunque nel nord della Finlandia, della Svezia e della Norvegia. Finora abbiamo avuto il 100% di successo nel vedere l&#8217;aurora boreale in tutti i nostri viaggi! E non si tratta solo dell&#8217;Aurora: visiteremo anche molti altri luoghi meravigliosi dell&#8217;Artico.<\/span><\/p>\n<p><span><\/span><\/p>\n<ul>\n<li class=\"elementor-icon-list-item\"><span class=\"elementor-icon-list-text\">4-5 giorni <\/span><\/li>\n<li class=\"elementor-icon-list-item\"><span class=\"elementor-icon-list-icon\"><i aria-hidden=\"true\" class=\"fas fa-angle-right\"><\/i><\/span><span class=\"elementor-icon-list-text\">100% di successo nel vedere l&#8217;Aurora boreale<\/span><\/li>\n<li class=\"elementor-icon-list-item\"><span class=\"elementor-icon-list-text\">Maggiori possibilit\u00e0 di vedere una grande aurora boreale<\/span><\/li>\n<li class=\"elementor-icon-list-item\"><span class=\"elementor-icon-list-text\">Visita anche luoghi non turistici nel profondo della Lapponia<\/span><\/li>\n<li class=\"elementor-icon-list-item\"><span class=\"elementor-icon-list-icon\"><i aria-hidden=\"true\" class=\"fas fa-angle-right\"><\/i><\/span><span class=\"elementor-icon-list-text\">Range di guida: tutta la Lapponia<\/span><\/li>\n<li class=\"elementor-icon-list-item\"><span class=\"elementor-icon-list-icon\"><i aria-hidden=\"true\" class=\"fas fa-angle-right\"><\/i><\/span><span class=\"elementor-icon-list-text\">Foto professionali incluse<\/span><\/li>\n<\/ul>\n<p>[\/et_pb_text][et_pb_button button_url=&#8221;@ET-DC@eyJkeW5hbWljIjp0cnVlLCJjb250ZW50IjoicG9zdF9saW5rX3VybF9wYWdlIiwic2V0dGluZ3MiOnsicG9zdF9pZCI6IjQwODAiLCJlbmFibGVfaHRtbCI6Im9mZiJ9fQ==@&#8221; button_text=&#8221;Learn more&#8221; button_alignment=&#8221;left&#8221; admin_label=&#8221;Gallery Button&#8221; _builder_version=&#8221;4.27.4&#8243; _dynamic_attributes=&#8221;button_url&#8221; custom_button=&#8221;on&#8221; button_text_color=&#8221;#1a1a1a&#8221; button_border_radius=&#8221;0px&#8221; button_letter_spacing=&#8221;4px&#8221; button_font=&#8221;Oswald|on||on|&#8221; button_icon=&#8221;$||divi||400&#8243; button_icon_color=&#8221;#1a1a1a&#8221; button_border_color_hover=&#8221;#1a1a1a&#8221; button_border_radius_hover=&#8221;0px&#8221; button_letter_spacing_hover=&#8221;4px&#8221; button_bg_color_hover=&#8221;rgba(0,0,0,0)&#8221; locked=&#8221;off&#8221; global_colors_info=&#8221;{}&#8221; button_text_size__hover_enabled=&#8221;off&#8221; button_one_text_size__hover_enabled=&#8221;off&#8221; button_two_text_size__hover_enabled=&#8221;off&#8221; button_text_color__hover_enabled=&#8221;off&#8221; button_one_text_color__hover_enabled=&#8221;off&#8221; button_two_text_color__hover_enabled=&#8221;off&#8221; button_border_width__hover_enabled=&#8221;off&#8221; button_one_border_width__hover_enabled=&#8221;off&#8221; button_two_border_width__hover_enabled=&#8221;off&#8221; button_border_color__hover_enabled=&#8221;on&#8221; button_border_color__hover=&#8221;#1a1a1a&#8221; button_one_border_color__hover_enabled=&#8221;off&#8221; button_two_border_color__hover_enabled=&#8221;off&#8221; button_border_radius__hover_enabled=&#8221;on&#8221; button_border_radius__hover=&#8221;0px&#8221; button_one_border_radius__hover_enabled=&#8221;off&#8221; button_two_border_radius__hover_enabled=&#8221;off&#8221; button_letter_spacing__hover_enabled=&#8221;on&#8221; button_letter_spacing__hover=&#8221;4px&#8221; button_one_letter_spacing__hover_enabled=&#8221;off&#8221; button_two_letter_spacing__hover_enabled=&#8221;off&#8221; button_bg_color__hover_enabled=&#8221;on&#8221; button_bg_color__hover=&#8221;rgba(0,0,0,0)&#8221; button_one_bg_color__hover_enabled=&#8221;off&#8221; button_two_bg_color__hover_enabled=&#8221;off&#8221;][\/et_pb_button][et_pb_image src=&#8221;https:\/\/arcticroadtrips.com\/wp-content\/uploads\/2025\/06\/DSC_0273_1.jpg&#8221; title_text=&#8221;LORENZMIRA~&#8221; _builder_version=&#8221;4.27.4&#8243; _module_preset=&#8221;default&#8221; global_colors_info=&#8221;{}&#8221;][\/et_pb_image][\/et_pb_column][et_pb_column type=&#8221;1_2&#8243; _builder_version=&#8221;4.27.4&#8243; _module_preset=&#8221;default&#8221; global_colors_info=&#8221;{}&#8221;][et_pb_heading title=&#8221;Tour a caccia dell&#8217;Aurora boreale da una notte&#8221; _builder_version=&#8221;4.27.4&#8243; _module_preset=&#8221;default&#8221; title_level=&#8221;h2&#8243; title_text_align=&#8221;center&#8221; global_colors_info=&#8221;{}&#8221;][\/et_pb_heading][et_pb_text _builder_version=&#8221;4.27.4&#8243; _module_preset=&#8221;default&#8221; global_colors_info=&#8221;{}&#8221;]<\/p>\n<p><span>Il nostro obiettivo \u00e8 mostrarti l&#8217;aurora boreale. Per questo motivo partiamo solo se ci sono ottime possibilit\u00e0 di vederla. Il nostro tour non ha limiti di tempo o di chilometri. Potresti chiederti perch\u00e9: Rovaniemi, soprattutto in inverno, \u00e8 spesso nuvolosa e questo significa che dobbiamo cercare un cielo sereno.<\/span><\/p>\n<p><span><\/span><\/p>\n<ul>\n<li class=\"elementor-icon-list-item\"><span class=\"elementor-icon-list-text\">Tour di andata e ritorno da Rovaniemi in Lapponia<\/span><\/li>\n<li class=\"elementor-icon-list-item\"><span class=\"elementor-icon-list-icon\"><i aria-hidden=\"true\" class=\"fas fa-angle-right\"><\/i><\/span><span class=\"elementor-icon-list-text\">Il tour si svolge solo con alte probabilit\u00e0 di vedere l&#8217;Aurora boreale<\/span><\/li>\n<li class=\"elementor-icon-list-item\"><span class=\"elementor-icon-list-icon\"><i aria-hidden=\"true\" class=\"fas fa-angle-right\"><\/i><\/span><span class=\"elementor-icon-list-text\">Nessun limite di chilometri (naturalmente fino a 800 a notte)<\/span><\/li>\n<li class=\"elementor-icon-list-item\"><span class=\"elementor-icon-list-icon\"><i aria-hidden=\"true\" class=\"fas fa-angle-right\"><\/i><\/span><span class=\"elementor-icon-list-text\">Garanzia Aurora: paghi il prezzo pieno solo se vedi l&#8217;Aurora<\/span><\/li>\n<li class=\"elementor-icon-list-item\"><span class=\"elementor-icon-list-icon\"><i aria-hidden=\"true\" class=\"fas fa-angle-right\"><\/i><\/span><span class=\"elementor-icon-list-text\">Foto professionali incluse<\/span><\/li>\n<li class=\"elementor-icon-list-item\"><span class=\"elementor-icon-list-icon\"><i aria-hidden=\"true\" class=\"fas fa-angle-right\"><\/i><\/span><span class=\"elementor-icon-list-text\">Pu\u00f2 richiedere dalle 4 alle 12 ore (solo raramente di pi\u00f9)<\/span><\/li>\n<li class=\"elementor-icon-list-item\"><span class=\"elementor-icon-list-icon\"><i aria-hidden=\"true\" class=\"fas fa-angle-right\"><\/i><\/span><span class=\"elementor-icon-list-text\">La caccia all&#8217;Aurora \u00e8 l&#8217;unico obiettivo &#8211; niente Aurora BBQ<\/span><span><\/span><\/li>\n<\/ul>\n<p>[\/et_pb_text][et_pb_button button_url=&#8221;@ET-DC@eyJkeW5hbWljIjp0cnVlLCJjb250ZW50IjoicG9zdF9saW5rX3VybF9wYWdlIiwic2V0dGluZ3MiOnsicG9zdF9pZCI6IjEzIiwiZW5hYmxlX2h0bWwiOiJvZmYifX0=@&#8221; button_text=&#8221;Learn more&#8221; button_alignment=&#8221;left&#8221; admin_label=&#8221;Gallery Button&#8221; _builder_version=&#8221;4.27.4&#8243; _dynamic_attributes=&#8221;button_url&#8221; custom_button=&#8221;on&#8221; button_text_color=&#8221;#1a1a1a&#8221; button_border_radius=&#8221;0px&#8221; button_letter_spacing=&#8221;4px&#8221; button_font=&#8221;Oswald|on||on|&#8221; button_icon=&#8221;$||divi||400&#8243; button_icon_color=&#8221;#1a1a1a&#8221; button_border_color_hover=&#8221;#1a1a1a&#8221; button_border_radius_hover=&#8221;0px&#8221; button_letter_spacing_hover=&#8221;4px&#8221; button_bg_color_hover=&#8221;rgba(0,0,0,0)&#8221; locked=&#8221;off&#8221; global_colors_info=&#8221;{}&#8221; button_text_size__hover_enabled=&#8221;off&#8221; button_one_text_size__hover_enabled=&#8221;off&#8221; button_two_text_size__hover_enabled=&#8221;off&#8221; button_text_color__hover_enabled=&#8221;off&#8221; button_one_text_color__hover_enabled=&#8221;off&#8221; button_two_text_color__hover_enabled=&#8221;off&#8221; button_border_width__hover_enabled=&#8221;off&#8221; button_one_border_width__hover_enabled=&#8221;off&#8221; button_two_border_width__hover_enabled=&#8221;off&#8221; button_border_color__hover_enabled=&#8221;on&#8221; button_border_color__hover=&#8221;#1a1a1a&#8221; button_one_border_color__hover_enabled=&#8221;off&#8221; button_two_border_color__hover_enabled=&#8221;off&#8221; button_border_radius__hover_enabled=&#8221;on&#8221; button_border_radius__hover=&#8221;0px&#8221; button_one_border_radius__hover_enabled=&#8221;off&#8221; button_two_border_radius__hover_enabled=&#8221;off&#8221; button_letter_spacing__hover_enabled=&#8221;on&#8221; button_letter_spacing__hover=&#8221;4px&#8221; button_one_letter_spacing__hover_enabled=&#8221;off&#8221; button_two_letter_spacing__hover_enabled=&#8221;off&#8221; button_bg_color__hover_enabled=&#8221;on&#8221; button_bg_color__hover=&#8221;rgba(0,0,0,0)&#8221; button_one_bg_color__hover_enabled=&#8221;off&#8221; button_two_bg_color__hover_enabled=&#8221;off&#8221;][\/et_pb_button][et_pb_image src=&#8221;https:\/\/arcticroadtrips.com\/wp-content\/uploads\/2024\/07\/Aurora-HuntingTour-Rovaniemi-Lapland-Arctic-Road-Trips-.jpg&#8221; alt=&#8221;Tour di caccia all&#8217;aurora Rovaniemi&#8221; _builder_version=&#8221;4.27.4&#8243; _module_preset=&#8221;default&#8221; global_colors_info=&#8221;{}&#8221;][\/et_pb_image][\/et_pb_column][\/et_pb_row][\/et_pb_section][et_pb_section fb_built=&#8221;1&#8243; _builder_version=&#8221;4.27.4&#8243; _module_preset=&#8221;default&#8221; custom_padding=&#8221;0px|||||&#8221; global_colors_info=&#8221;{}&#8221;][\/et_pb_section]<\/p>\n","protected":false},"excerpt":{"rendered":"<p>i nostri tour dell&#8217;auroraOrganizziamo diversi viaggi dell&#8217;aurora dalla fine di agosto all&#8217;inizio di aprile, quando i cieli bui della Lapponia permettono di vedere l&#8217;aurora boreale.Tutti i nostri tour dell&#8217;aurora sono mirati e progettati per darti le migliori possibilit\u00e0 di successo. Ci\u00f2 significa che adattiamo ogni viaggio alle condizioni naturali, in particolare a quelle meteorologiche. Negli [&hellip;]<\/p>\n","protected":false},"author":2,"featured_media":3864,"parent":0,"menu_order":0,"comment_status":"closed","ping_status":"closed","template":"","meta":{"_et_pb_use_builder":"on","_et_pb_old_content":"","_et_gb_content_width":"","footnotes":""},"class_list":["post-8717","page","type-page","status-publish","has-post-thumbnail","hentry"],"yoast_head":"<!-- This site is optimized with the Yoast SEO plugin v27.4 - https:\/\/yoast.com\/product\/yoast-seo-wordpress\/ -->\n<title>viaggi a caccia di aurora boreale Rovaniemi - Arctic Road Trips<\/title>\n<meta name=\"description\" content=\"Esplora i viaggi dell&#039;aurora da Rovaniemi: viaggi di pi\u00f9 giorni su strada o di una sola notte, studiati su misura per ottenere il massimo dei cambiamenti per vedere l&#039;aurora boreale.\" \/>\n<meta name=\"robots\" content=\"index, follow, max-snippet:-1, max-image-preview:large, max-video-preview:-1\" \/>\n<link rel=\"canonical\" href=\"https:\/\/arcticroadtrips.com\/it\/viaggi-a-caccia-di-aurora-boreale\/\" \/>\n<meta property=\"og:locale\" content=\"it_IT\" \/>\n<meta property=\"og:type\" content=\"article\" \/>\n<meta property=\"og:title\" content=\"viaggi a caccia di aurora boreale Rovaniemi - Arctic Road Trips\" \/>\n<meta property=\"og:description\" content=\"Esplora i viaggi dell&#039;aurora da Rovaniemi: viaggi di pi\u00f9 giorni su strada o di una sola notte, studiati su misura per ottenere il massimo dei cambiamenti per vedere l&#039;aurora boreale.\" \/>\n<meta property=\"og:url\" content=\"https:\/\/arcticroadtrips.com\/it\/viaggi-a-caccia-di-aurora-boreale\/\" \/>\n<meta property=\"og:site_name\" content=\"Arctic Road Trips\" \/>\n<meta property=\"article:modified_time\" content=\"2026-03-30T11:18:02+00:00\" \/>\n<meta property=\"og:image\" content=\"https:\/\/arcticroadtrips.com\/wp-content\/uploads\/2022\/09\/Aurora-Road-Trip-Lapland-Northern-Lights-Finland-Arctic-Road-Trips-scaled.jpg\" \/>\n\t<meta property=\"og:image:width\" content=\"2560\" \/>\n\t<meta property=\"og:image:height\" content=\"1707\" \/>\n\t<meta property=\"og:image:type\" content=\"image\/jpeg\" \/>\n<meta name=\"twitter:card\" content=\"summary_large_image\" \/>\n<meta name=\"twitter:label1\" content=\"Tempo di lettura stimato\" \/>\n\t<meta name=\"twitter:data1\" content=\"7 minuti\" \/>\n<script type=\"application\/ld+json\" class=\"yoast-schema-graph\">{\"@context\":\"https:\\\/\\\/schema.org\",\"@graph\":[{\"@type\":\"WebPage\",\"@id\":\"https:\\\/\\\/arcticroadtrips.com\\\/it\\\/viaggi-a-caccia-di-aurora-boreale\\\/\",\"url\":\"https:\\\/\\\/arcticroadtrips.com\\\/it\\\/viaggi-a-caccia-di-aurora-boreale\\\/\",\"name\":\"viaggi a caccia di aurora boreale Rovaniemi - Arctic Road Trips\",\"isPartOf\":{\"@id\":\"https:\\\/\\\/arcticroadtrips.com\\\/it\\\/#website\"},\"primaryImageOfPage\":{\"@id\":\"https:\\\/\\\/arcticroadtrips.com\\\/it\\\/viaggi-a-caccia-di-aurora-boreale\\\/#primaryimage\"},\"image\":{\"@id\":\"https:\\\/\\\/arcticroadtrips.com\\\/it\\\/viaggi-a-caccia-di-aurora-boreale\\\/#primaryimage\"},\"thumbnailUrl\":\"https:\\\/\\\/arcticroadtrips.com\\\/wp-content\\\/uploads\\\/2022\\\/09\\\/Aurora-Road-Trip-Lapland-Northern-Lights-Finland-Arctic-Road-Trips-scaled.jpg\",\"datePublished\":\"2018-11-26T12:46:44+00:00\",\"dateModified\":\"2026-03-30T11:18:02+00:00\",\"description\":\"Esplora i viaggi dell'aurora da Rovaniemi: viaggi di pi\u00f9 giorni su strada o di una sola notte, studiati su misura per ottenere il massimo dei cambiamenti per vedere l'aurora boreale.\",\"breadcrumb\":{\"@id\":\"https:\\\/\\\/arcticroadtrips.com\\\/it\\\/viaggi-a-caccia-di-aurora-boreale\\\/#breadcrumb\"},\"inLanguage\":\"it-IT\",\"potentialAction\":[{\"@type\":\"ReadAction\",\"target\":[\"https:\\\/\\\/arcticroadtrips.com\\\/it\\\/viaggi-a-caccia-di-aurora-boreale\\\/\"]}]},{\"@type\":\"ImageObject\",\"inLanguage\":\"it-IT\",\"@id\":\"https:\\\/\\\/arcticroadtrips.com\\\/it\\\/viaggi-a-caccia-di-aurora-boreale\\\/#primaryimage\",\"url\":\"https:\\\/\\\/arcticroadtrips.com\\\/wp-content\\\/uploads\\\/2022\\\/09\\\/Aurora-Road-Trip-Lapland-Northern-Lights-Finland-Arctic-Road-Trips-scaled.jpg\",\"contentUrl\":\"https:\\\/\\\/arcticroadtrips.com\\\/wp-content\\\/uploads\\\/2022\\\/09\\\/Aurora-Road-Trip-Lapland-Northern-Lights-Finland-Arctic-Road-Trips-scaled.jpg\",\"width\":2560,\"height\":1707},{\"@type\":\"BreadcrumbList\",\"@id\":\"https:\\\/\\\/arcticroadtrips.com\\\/it\\\/viaggi-a-caccia-di-aurora-boreale\\\/#breadcrumb\",\"itemListElement\":[{\"@type\":\"ListItem\",\"position\":1,\"name\":\"Home\",\"item\":\"https:\\\/\\\/arcticroadtrips.com\\\/it\\\/\"},{\"@type\":\"ListItem\",\"position\":2,\"name\":\"viaggi a caccia di aurora boreale\"}]},{\"@type\":\"WebSite\",\"@id\":\"https:\\\/\\\/arcticroadtrips.com\\\/it\\\/#website\",\"url\":\"https:\\\/\\\/arcticroadtrips.com\\\/it\\\/\",\"name\":\"Arctic Road Trips\",\"description\":\"Aurora Trips in Lapland\",\"potentialAction\":[{\"@type\":\"SearchAction\",\"target\":{\"@type\":\"EntryPoint\",\"urlTemplate\":\"https:\\\/\\\/arcticroadtrips.com\\\/it\\\/?s={search_term_string}\"},\"query-input\":{\"@type\":\"PropertyValueSpecification\",\"valueRequired\":true,\"valueName\":\"search_term_string\"}}],\"inLanguage\":\"it-IT\"}]}<\/script>\n<!-- \/ Yoast SEO plugin. -->","yoast_head_json":{"title":"viaggi a caccia di aurora boreale Rovaniemi - Arctic Road Trips","description":"Esplora i viaggi dell'aurora da Rovaniemi: viaggi di pi\u00f9 giorni su strada o di una sola notte, studiati su misura per ottenere il massimo dei cambiamenti per vedere l'aurora boreale.","robots":{"index":"index","follow":"follow","max-snippet":"max-snippet:-1","max-image-preview":"max-image-preview:large","max-video-preview":"max-video-preview:-1"},"canonical":"https:\/\/arcticroadtrips.com\/it\/viaggi-a-caccia-di-aurora-boreale\/","og_locale":"it_IT","og_type":"article","og_title":"viaggi a caccia di aurora boreale Rovaniemi - Arctic Road Trips","og_description":"Esplora i viaggi dell'aurora da Rovaniemi: viaggi di pi\u00f9 giorni su strada o di una sola notte, studiati su misura per ottenere il massimo dei cambiamenti per vedere l'aurora boreale.","og_url":"https:\/\/arcticroadtrips.com\/it\/viaggi-a-caccia-di-aurora-boreale\/","og_site_name":"Arctic Road Trips","article_modified_time":"2026-03-30T11:18:02+00:00","og_image":[{"width":2560,"height":1707,"url":"https:\/\/arcticroadtrips.com\/wp-content\/uploads\/2022\/09\/Aurora-Road-Trip-Lapland-Northern-Lights-Finland-Arctic-Road-Trips-scaled.jpg","type":"image\/jpeg"}],"twitter_card":"summary_large_image","twitter_misc":{"Tempo di lettura stimato":"7 minuti"},"schema":{"@context":"https:\/\/schema.org","@graph":[{"@type":"WebPage","@id":"https:\/\/arcticroadtrips.com\/it\/viaggi-a-caccia-di-aurora-boreale\/","url":"https:\/\/arcticroadtrips.com\/it\/viaggi-a-caccia-di-aurora-boreale\/","name":"viaggi a caccia di aurora boreale Rovaniemi - Arctic Road Trips","isPartOf":{"@id":"https:\/\/arcticroadtrips.com\/it\/#website"},"primaryImageOfPage":{"@id":"https:\/\/arcticroadtrips.com\/it\/viaggi-a-caccia-di-aurora-boreale\/#primaryimage"},"image":{"@id":"https:\/\/arcticroadtrips.com\/it\/viaggi-a-caccia-di-aurora-boreale\/#primaryimage"},"thumbnailUrl":"https:\/\/arcticroadtrips.com\/wp-content\/uploads\/2022\/09\/Aurora-Road-Trip-Lapland-Northern-Lights-Finland-Arctic-Road-Trips-scaled.jpg","datePublished":"2018-11-26T12:46:44+00:00","dateModified":"2026-03-30T11:18:02+00:00","description":"Esplora i viaggi dell'aurora da Rovaniemi: viaggi di pi\u00f9 giorni su strada o di una sola notte, studiati su misura per ottenere il massimo dei cambiamenti per vedere l'aurora boreale.","breadcrumb":{"@id":"https:\/\/arcticroadtrips.com\/it\/viaggi-a-caccia-di-aurora-boreale\/#breadcrumb"},"inLanguage":"it-IT","potentialAction":[{"@type":"ReadAction","target":["https:\/\/arcticroadtrips.com\/it\/viaggi-a-caccia-di-aurora-boreale\/"]}]},{"@type":"ImageObject","inLanguage":"it-IT","@id":"https:\/\/arcticroadtrips.com\/it\/viaggi-a-caccia-di-aurora-boreale\/#primaryimage","url":"https:\/\/arcticroadtrips.com\/wp-content\/uploads\/2022\/09\/Aurora-Road-Trip-Lapland-Northern-Lights-Finland-Arctic-Road-Trips-scaled.jpg","contentUrl":"https:\/\/arcticroadtrips.com\/wp-content\/uploads\/2022\/09\/Aurora-Road-Trip-Lapland-Northern-Lights-Finland-Arctic-Road-Trips-scaled.jpg","width":2560,"height":1707},{"@type":"BreadcrumbList","@id":"https:\/\/arcticroadtrips.com\/it\/viaggi-a-caccia-di-aurora-boreale\/#breadcrumb","itemListElement":[{"@type":"ListItem","position":1,"name":"Home","item":"https:\/\/arcticroadtrips.com\/it\/"},{"@type":"ListItem","position":2,"name":"viaggi a caccia di aurora boreale"}]},{"@type":"WebSite","@id":"https:\/\/arcticroadtrips.com\/it\/#website","url":"https:\/\/arcticroadtrips.com\/it\/","name":"Arctic Road Trips","description":"Aurora Trips in Lapland","potentialAction":[{"@type":"SearchAction","target":{"@type":"EntryPoint","urlTemplate":"https:\/\/arcticroadtrips.com\/it\/?s={search_term_string}"},"query-input":{"@type":"PropertyValueSpecification","valueRequired":true,"valueName":"search_term_string"}}],"inLanguage":"it-IT"}]}},"_links":{"self":[{"href":"https:\/\/arcticroadtrips.com\/it\/wp-json\/wp\/v2\/pages\/8717","targetHints":{"allow":["GET"]}}],"collection":[{"href":"https:\/\/arcticroadtrips.com\/it\/wp-json\/wp\/v2\/pages"}],"about":[{"href":"https:\/\/arcticroadtrips.com\/it\/wp-json\/wp\/v2\/types\/page"}],"author":[{"embeddable":true,"href":"https:\/\/arcticroadtrips.com\/it\/wp-json\/wp\/v2\/users\/2"}],"replies":[{"embeddable":true,"href":"https:\/\/arcticroadtrips.com\/it\/wp-json\/wp\/v2\/comments?post=8717"}],"version-history":[{"count":5,"href":"https:\/\/arcticroadtrips.com\/it\/wp-json\/wp\/v2\/pages\/8717\/revisions"}],"predecessor-version":[{"id":340806,"href":"https:\/\/arcticroadtrips.com\/it\/wp-json\/wp\/v2\/pages\/8717\/revisions\/340806"}],"wp:featuredmedia":[{"embeddable":true,"href":"https:\/\/arcticroadtrips.com\/it\/wp-json\/wp\/v2\/media\/3864"}],"wp:attachment":[{"href":"https:\/\/arcticroadtrips.com\/it\/wp-json\/wp\/v2\/media?parent=8717"}],"curies":[{"name":"wp","href":"https:\/\/api.w.org\/{rel}","templated":true}]}}